{"id":2759,"date":"2023-06-11T11:01:55","date_gmt":"2023-06-11T11:01:55","guid":{"rendered":"https:\/\/luan.webrt.net\/hadoco\/?post_type=product&#038;p=2759"},"modified":"2023-06-11T11:01:56","modified_gmt":"2023-06-11T11:01:56","slug":"soi-thach-anh","status":"publish","type":"product","link":"https:\/\/thietbixulynuoc.vinastar.info\/?product=soi-thach-anh","title":{"rendered":"S\u1ecfi th\u1ea1ch anh"},"content":{"rendered":"<p style=\"text-align: justify;\">C\u00e1t, s\u1ecfi l\u00e0 v\u1eadt li\u1ec7u l\u1ecdc truy\u1ec1n th\u1ed1ng \u0111\u01b0\u1ee3c \u1ee9ng d\u1ee5ng trong x\u1eed l\u00fd, lo\u1ea1i b\u1ecf c\u00e1c t\u1ea1p ch\u1ea5t th\u00f4 trong n\u01b0\u1edbc. Khi n\u01b0\u1edbc b\u1ea9n \u0111i qua, c\u00e1c kho\u00e1ng ch\u1ea5t kh\u00f4ng h\u00f2a tan b\u1ecb gi\u1eef l\u1ea1i v\u00e0 c\u00f3 th\u1ec3 \u0111\u01b0\u1ee3c t\u00e1i s\u1eed d\u1ee5ng b\u1eb1ng c\u00e1ch r\u1eeda s\u1ea1ch. M\u1ed9t s\u1ed1 kho\u00e1ng ch\u1ea5t \u0111i\u1ec3n h\u00ecnh nh\u01b0 mangan v\u00e0 s\u1eaft, \u1ea3nh h\u01b0\u1edfng \u0111\u1ebfn h\u01b0\u01a1ng v\u1ecb n\u01b0\u1edbc.<\/p>\n<p><img decoding=\"async\" loading=\"lazy\" class=\"aligncenter  wp-image-2761\" src=\"https:\/\/luan.webrt.net\/hadoco\/wp-content\/uploads\/2023\/06\/soi-thach-anh-tot-nhat.jpg\" alt=\"\" width=\"652\" height=\"737\" srcset=\"https:\/\/thietbixulynuoc.vinastar.info\/wp-content\/uploads\/2023\/06\/soi-thach-anh-tot-nhat.jpg 752w, https:\/\/thietbixulynuoc.vinastar.info\/wp-content\/uploads\/2023\/06\/soi-thach-anh-tot-nhat-354x400.jpg 354w, https:\/\/thietbixulynuoc.vinastar.info\/wp-content\/uploads\/2023\/06\/soi-thach-anh-tot-nhat-708x800.jpg 708w, https:\/\/thietbixulynuoc.vinastar.info\/wp-content\/uploads\/2023\/06\/soi-thach-anh-tot-nhat-600x678.jpg 600w\" sizes=\"(max-width: 652px) 100vw, 652px\" \/><\/p>\n","protected":false},"excerpt":{"rendered":"<p style=\"text-align: justify;\">C\u00e1t, s\u1ecfi l\u00e0 v\u1eadt li\u1ec7u l\u1ecdc truy\u1ec1n th\u1ed1ng \u0111\u01b0\u1ee3c \u1ee9ng d\u1ee5ng trong x\u1eed l\u00fd, lo\u1ea1i b\u1ecf c\u00e1c t\u1ea1p ch\u1ea5t th\u00f4 trong n\u01b0\u1edbc. Khi n\u01b0\u1edbc b\u1ea9n \u0111i qua, c\u00e1c kho\u00e1ng ch\u1ea5t kh\u00f4ng h\u00f2a tan b\u1ecb gi\u1eef l\u1ea1i v\u00e0 c\u00f3 th\u1ec3 \u0111\u01b0\u1ee3c t\u00e1i s\u1eed d\u1ee5ng b\u1eb1ng c\u00e1ch r\u1eeda s\u1ea1ch. M\u1ed9t s\u1ed1 kho\u00e1ng ch\u1ea5t \u0111i\u1ec3n h\u00ecnh nh\u01b0 mangan v\u00e0 s\u1eaft, \u1ea3nh h\u01b0\u1edfng \u0111\u1ebfn h\u01b0\u01a1ng v\u1ecb n\u01b0\u1edbc.<\/p>\n","protected":false},"featured_media":2761,"comment_status":"open","ping_status":"closed","template":"","meta":[],"product_cat":[197,153],"product_tag":[],"yoast_head":"<!-- This site is optimized with the Yoast SEO plugin v20.8 - https:\/\/yoast.com\/wordpress\/plugins\/seo\/ -->\n<title>S\u1ecfi th\u1ea1ch anh - hadoco<\/title>\n<meta name=\"robots\" content=\"index, follow, max-snippet:-1, max-image-preview:large, max-video-preview:-1\" \/>\n<link rel=\"canonical\" href=\"https:\/\/thietbixulynuoc.vinastar.info\/?product=soi-thach-anh\" \/>\n<meta property=\"og:locale\" content=\"vi_VN\" \/>\n<meta property=\"og:type\" content=\"article\" \/>\n<meta property=\"og:title\" content=\"S\u1ecfi th\u1ea1ch anh - hadoco\" \/>\n<meta property=\"og:description\" content=\"C\u00e1t, s\u1ecfi l\u00e0 v\u1eadt li\u1ec7u l\u1ecdc truy\u1ec1n th\u1ed1ng \u0111\u01b0\u1ee3c \u1ee9ng d\u1ee5ng trong x\u1eed l\u00fd, lo\u1ea1i b\u1ecf c\u00e1c t\u1ea1p ch\u1ea5t th\u00f4 trong n\u01b0\u1edbc. Khi n\u01b0\u1edbc b\u1ea9n \u0111i qua, c\u00e1c kho\u00e1ng ch\u1ea5t kh\u00f4ng h\u00f2a tan b\u1ecb gi\u1eef l\u1ea1i v\u00e0 c\u00f3 th\u1ec3 \u0111\u01b0\u1ee3c t\u00e1i s\u1eed d\u1ee5ng b\u1eb1ng c\u00e1ch r\u1eeda s\u1ea1ch. M\u1ed9t s\u1ed1 kho\u00e1ng ch\u1ea5t \u0111i\u1ec3n h\u00ecnh nh\u01b0 mangan v\u00e0 s\u1eaft, \u1ea3nh h\u01b0\u1edfng \u0111\u1ebfn h\u01b0\u01a1ng v\u1ecb n\u01b0\u1edbc.\" \/>\n<meta property=\"og:url\" content=\"https:\/\/thietbixulynuoc.vinastar.info\/?product=soi-thach-anh\" \/>\n<meta property=\"og:site_name\" content=\"hadoco\" \/>\n<meta property=\"article:modified_time\" content=\"2023-06-11T11:01:56+00:00\" \/>\n<meta property=\"og:image\" content=\"https:\/\/thietbixulynuoc.vinastar.info\/wp-content\/uploads\/2023\/06\/soi-thach-anh-tot-nhat.jpg\" \/>\n\t<meta property=\"og:image:width\" content=\"752\" \/>\n\t<meta property=\"og:image:height\" content=\"850\" \/>\n\t<meta property=\"og:image:type\" content=\"image\/jpeg\" \/>\n<meta name=\"twitter:card\" content=\"summary_large_image\" \/>\n<meta name=\"twitter:label1\" content=\"\u01af\u1edbc t\u00ednh th\u1eddi gian \u0111\u1ecdc\" \/>\n\t<meta name=\"twitter:data1\" content=\"1 ph\u00fat\" \/>\n<script type=\"application\/ld+json\" class=\"yoast-schema-graph\">{\"@context\":\"https:\/\/schema.org\",\"@graph\":[{\"@type\":\"WebPage\",\"@id\":\"https:\/\/thietbixulynuoc.vinastar.info\/?product=soi-thach-anh\",\"url\":\"https:\/\/thietbixulynuoc.vinastar.info\/?product=soi-thach-anh\",\"name\":\"S\u1ecfi th\u1ea1ch anh - hadoco\",\"isPartOf\":{\"@id\":\"https:\/\/thietbixulynuoc.vinastar.info\/#website\"},\"datePublished\":\"2023-06-11T11:01:55+00:00\",\"dateModified\":\"2023-06-11T11:01:56+00:00\",\"breadcrumb\":{\"@id\":\"https:\/\/thietbixulynuoc.vinastar.info\/?product=soi-thach-anh#breadcrumb\"},\"inLanguage\":\"vi\",\"potentialAction\":[{\"@type\":\"ReadAction\",\"target\":[\"https:\/\/thietbixulynuoc.vinastar.info\/?product=soi-thach-anh\"]}]},{\"@type\":\"BreadcrumbList\",\"@id\":\"https:\/\/thietbixulynuoc.vinastar.info\/?product=soi-thach-anh#breadcrumb\",\"itemListElement\":[{\"@type\":\"ListItem\",\"position\":1,\"name\":\"Trang ch\u1ee7\",\"item\":\"https:\/\/thietbixulynuoc.vinastar.info\/\"},{\"@type\":\"ListItem\",\"position\":2,\"name\":\"S\u1ea3n ph\u1ea9m\",\"item\":\"https:\/\/thietbixulynuoc.vinastar.info\/?page_id=63\"},{\"@type\":\"ListItem\",\"position\":3,\"name\":\"H\u00f3a Ch\u1ea5t \u2013 V\u1eadt Li\u1ec7u\",\"item\":\"https:\/\/thietbixulynuoc.vinastar.info\/?product_cat=hoa-chat-vat-lieu\"},{\"@type\":\"ListItem\",\"position\":4,\"name\":\"C\u00e1t - S\u1ecfi Th\u1ea1ch Anh\",\"item\":\"https:\/\/thietbixulynuoc.vinastar.info\/?product_cat=cat-soi-thach-anh\"},{\"@type\":\"ListItem\",\"position\":5,\"name\":\"S\u1ecfi th\u1ea1ch anh\"}]},{\"@type\":\"WebSite\",\"@id\":\"https:\/\/thietbixulynuoc.vinastar.info\/#website\",\"url\":\"https:\/\/thietbixulynuoc.vinastar.info\/\",\"name\":\"hadoco\",\"description\":\"\",\"potentialAction\":[{\"@type\":\"SearchAction\",\"target\":{\"@type\":\"EntryPoint\",\"urlTemplate\":\"https:\/\/thietbixulynuoc.vinastar.info\/?s={search_term_string}\"},\"query-input\":\"required name=search_term_string\"}],\"inLanguage\":\"vi\"}]}<\/script>\n<!-- \/ Yoast SEO plugin. -->","yoast_head_json":{"title":"S\u1ecfi th\u1ea1ch anh - hadoco","robots":{"index":"index","follow":"follow","max-snippet":"max-snippet:-1","max-image-preview":"max-image-preview:large","max-video-preview":"max-video-preview:-1"},"canonical":"https:\/\/thietbixulynuoc.vinastar.info\/?product=soi-thach-anh","og_locale":"vi_VN","og_type":"article","og_title":"S\u1ecfi th\u1ea1ch anh - hadoco","og_description":"C\u00e1t, s\u1ecfi l\u00e0 v\u1eadt li\u1ec7u l\u1ecdc truy\u1ec1n th\u1ed1ng \u0111\u01b0\u1ee3c \u1ee9ng d\u1ee5ng trong x\u1eed l\u00fd, lo\u1ea1i b\u1ecf c\u00e1c t\u1ea1p ch\u1ea5t th\u00f4 trong n\u01b0\u1edbc. Khi n\u01b0\u1edbc b\u1ea9n \u0111i qua, c\u00e1c kho\u00e1ng ch\u1ea5t kh\u00f4ng h\u00f2a tan b\u1ecb gi\u1eef l\u1ea1i v\u00e0 c\u00f3 th\u1ec3 \u0111\u01b0\u1ee3c t\u00e1i s\u1eed d\u1ee5ng b\u1eb1ng c\u00e1ch r\u1eeda s\u1ea1ch. M\u1ed9t s\u1ed1 kho\u00e1ng ch\u1ea5t \u0111i\u1ec3n h\u00ecnh nh\u01b0 mangan v\u00e0 s\u1eaft, \u1ea3nh h\u01b0\u1edfng \u0111\u1ebfn h\u01b0\u01a1ng v\u1ecb n\u01b0\u1edbc.","og_url":"https:\/\/thietbixulynuoc.vinastar.info\/?product=soi-thach-anh","og_site_name":"hadoco","article_modified_time":"2023-06-11T11:01:56+00:00","og_image":[{"width":752,"height":850,"url":"https:\/\/thietbixulynuoc.vinastar.info\/wp-content\/uploads\/2023\/06\/soi-thach-anh-tot-nhat.jpg","type":"image\/jpeg"}],"twitter_card":"summary_large_image","twitter_misc":{"\u01af\u1edbc t\u00ednh th\u1eddi gian \u0111\u1ecdc":"1 ph\u00fat"},"schema":{"@context":"https:\/\/schema.org","@graph":[{"@type":"WebPage","@id":"https:\/\/thietbixulynuoc.vinastar.info\/?product=soi-thach-anh","url":"https:\/\/thietbixulynuoc.vinastar.info\/?product=soi-thach-anh","name":"S\u1ecfi th\u1ea1ch anh - hadoco","isPartOf":{"@id":"https:\/\/thietbixulynuoc.vinastar.info\/#website"},"datePublished":"2023-06-11T11:01:55+00:00","dateModified":"2023-06-11T11:01:56+00:00","breadcrumb":{"@id":"https:\/\/thietbixulynuoc.vinastar.info\/?product=soi-thach-anh#breadcrumb"},"inLanguage":"vi","potentialAction":[{"@type":"ReadAction","target":["https:\/\/thietbixulynuoc.vinastar.info\/?product=soi-thach-anh"]}]},{"@type":"BreadcrumbList","@id":"https:\/\/thietbixulynuoc.vinastar.info\/?product=soi-thach-anh#breadcrumb","itemListElement":[{"@type":"ListItem","position":1,"name":"Trang ch\u1ee7","item":"https:\/\/thietbixulynuoc.vinastar.info\/"},{"@type":"ListItem","position":2,"name":"S\u1ea3n ph\u1ea9m","item":"https:\/\/thietbixulynuoc.vinastar.info\/?page_id=63"},{"@type":"ListItem","position":3,"name":"H\u00f3a Ch\u1ea5t \u2013 V\u1eadt Li\u1ec7u","item":"https:\/\/thietbixulynuoc.vinastar.info\/?product_cat=hoa-chat-vat-lieu"},{"@type":"ListItem","position":4,"name":"C\u00e1t - S\u1ecfi Th\u1ea1ch Anh","item":"https:\/\/thietbixulynuoc.vinastar.info\/?product_cat=cat-soi-thach-anh"},{"@type":"ListItem","position":5,"name":"S\u1ecfi th\u1ea1ch anh"}]},{"@type":"WebSite","@id":"https:\/\/thietbixulynuoc.vinastar.info\/#website","url":"https:\/\/thietbixulynuoc.vinastar.info\/","name":"hadoco","description":"","potentialAction":[{"@type":"SearchAction","target":{"@type":"EntryPoint","urlTemplate":"https:\/\/thietbixulynuoc.vinastar.info\/?s={search_term_string}"},"query-input":"required name=search_term_string"}],"inLanguage":"vi"}]}},"_links":{"self":[{"href":"https:\/\/thietbixulynuoc.vinastar.info\/index.php?rest_route=\/wp\/v2\/product\/2759"}],"collection":[{"href":"https:\/\/thietbixulynuoc.vinastar.info\/index.php?rest_route=\/wp\/v2\/product"}],"about":[{"href":"https:\/\/thietbixulynuoc.vinastar.info\/index.php?rest_route=\/wp\/v2\/types\/product"}],"replies":[{"embeddable":true,"href":"https:\/\/thietbixulynuoc.vinastar.info\/index.php?rest_route=%2Fwp%2Fv2%2Fcomments&post=2759"}],"wp:featuredmedia":[{"embeddable":true,"href":"https:\/\/thietbixulynuoc.vinastar.info\/index.php?rest_route=\/wp\/v2\/media\/2761"}],"wp:attachment":[{"href":"https:\/\/thietbixulynuoc.vinastar.info\/index.php?rest_route=%2Fwp%2Fv2%2Fmedia&parent=2759"}],"wp:term":[{"taxonomy":"product_cat","embeddable":true,"href":"https:\/\/thietbixulynuoc.vinastar.info\/index.php?rest_route=%2Fwp%2Fv2%2Fproduct_cat&post=2759"},{"taxonomy":"product_tag","embeddable":true,"href":"https:\/\/thietbixulynuoc.vinastar.info\/index.php?rest_route=%2Fwp%2Fv2%2Fproduct_tag&post=2759"}],"curies":[{"name":"wp","href":"https:\/\/api.w.org\/{rel}","templated":true}]}}